{"id":1576,"date":"2020-10-09T11:50:12","date_gmt":"2020-10-09T09:50:12","guid":{"rendered":"https:\/\/farmutil.pl\/?page_id=1576"},"modified":"2020-10-09T13:07:40","modified_gmt":"2020-10-09T11:07:40","slug":"privacy-policy","status":"publish","type":"page","link":"https:\/\/farmutil.pl\/en\/privacy-policy\/","title":{"rendered":"Privacy policy "},"content":{"rendered":"<h2 class=\"wp-block-heading\">Kim jeste\u015bmy<\/h2><p>Adres naszej strony internetowej to: http:\/\/farmutil.pl.<\/p><h2 class=\"wp-block-heading\">Jakie dane osobiste zbieramy i&nbsp;dlaczego je zbieramy<\/h2><h3 class=\"wp-block-heading\">Komentarze<\/h3><p>Kiedy odwiedzaj\u0105cy witryn\u0119 zostawia komentarz, zbieramy dane widoczne w&nbsp;formularzu komentowania, jak&nbsp;i&nbsp;adres IP odwiedzaj\u0105cego oraz&nbsp;podpis jego przegl\u0105darki jako pomoc przy wykrywaniu spamu.<\/p><p>Zanonimizowany ci\u0105g znak\u00f3w stworzony na&nbsp;podstawie twojego adresu email (tak zwany hash) mo\u017ce zosta\u0107 przes\u0142any do&nbsp;us\u0142ugi Gravatar w&nbsp;celu sprawdzenia czy&nbsp;jej u\u017cywasz. Polityka prywatno\u015bci us\u0142ugi Gravatar jest dost\u0119pna tutaj: https:\/\/automattic.com\/privacy\/. Po&nbsp;zatwierdzeniu komentarza tw\u00f3j obrazek profilowy jest widoczny publicznie w&nbsp;kontek\u015bcie twojego komentarza.<\/p><h3 class=\"wp-block-heading\">Media<\/h3><p>Je\u015bli jeste\u015b zarejestrowanym u\u017cytkownikiem i&nbsp;wgrywasz na&nbsp;witryn\u0119 obrazki, powiniene\u015b unika\u0107 przesy\u0142ania obrazk\u00f3w z&nbsp;tagami EXIF lokalizacji. Odwiedzaj\u0105cy stron\u0119 mog\u0105 pobra\u0107 i&nbsp;odczyta\u0107 pe\u0142ne dane lokalizacyjne z&nbsp;obrazk\u00f3w w&nbsp;witrynie.<\/p><h3 class=\"wp-block-heading\">Formularze kontaktowe<\/h3><h3 class=\"wp-block-heading\">Ciasteczka<\/h3><p>Je\u015bli zostawisz na&nbsp;naszej witrynie komentarz, b\u0119dziesz m\u00f3g\u0142 wybra\u0107 opcj\u0119 zapisu twojej nazwy, adresu email i&nbsp;adresu strony internetowej w&nbsp;ciasteczkach, dzi\u0119ki kt\u00f3rym podczas pisania kolejnych komentarzy powy\u017csze informacje b\u0119d\u0105 ju\u017c&nbsp;dogodnie uzupe\u0142nione. Te&nbsp;ciasteczka wygasaj\u0105 po&nbsp;roku.<\/p><p>Je\u015bli odwiedzisz stron\u0119 logowania, utworzymy tymczasowe ciasteczko na&nbsp;potrzeby sprawdzenia czy&nbsp;twoja przegl\u0105darka akceptuje ciasteczka. To&nbsp;ciasteczko nie&nbsp;zawiera \u017cadnych danych osobistych i&nbsp;zostanie wyrzucone, kiedy zamkniesz przegl\u0105dark\u0119.<\/p><p>Podczas logowania tworzymy dodatkowo kilka ciasteczek potrzebnych do&nbsp;zapisu twoich informacji logowania oraz&nbsp;wybranych opcji ekranu. Ciasteczka logowania wygasaj\u0105 po&nbsp;dw\u00f3ch dniach, a&nbsp;opcji ekranu po&nbsp;roku. Je\u015bli zaznaczysz opcj\u0119 &bdquo;Pami\u0119taj mnie&rdquo;, logowanie wyga\u015bnie po&nbsp;dw\u00f3ch tygodniach. Je\u015bli wylogujesz si\u0119&nbsp;ze&nbsp;swojego konta, ciasteczka logowania zostan\u0105 usuni\u0119te.<\/p><p>Je\u015bli zmodyfikujesz albo opublikujesz artyku\u0142, w&nbsp;twojej przegl\u0105darce zostanie zapisane dodatkowe ciasteczko. To&nbsp;ciasteczko nie&nbsp;zawiera \u017cadnych danych osobistych, wskazuj\u0105c po&nbsp;prostu na&nbsp;identyfikator przed chwil\u0105 edytowanego artyku\u0142u. Wygasa ono po&nbsp;1 dniu.<\/p><h3 class=\"wp-block-heading\">Osadzone tre\u015bci z&nbsp;innych witryn<\/h3><p>Artyku\u0142y na&nbsp;tej witrynie mog\u0105 zawiera\u0107 osadzone tre\u015bci (np. filmy, obrazki, artyku\u0142y itp.). Osadzone tre\u015bci z&nbsp;innych witryn zachowuj\u0105 si\u0119&nbsp;analogicznie do&nbsp;tego, jakby u\u017cytkownik odwiedzi\u0142 bezpo\u015brednio konkretn\u0105 witryn\u0119.<\/p><p>Witryny mog\u0105 zbiera\u0107 informacje o&nbsp;tobie, u\u017cywa\u0107 ciasteczek, do\u0142\u0105cza\u0107 dodatkowe, zewn\u0119trzne systemy \u015bledzenia i&nbsp;monitorowa\u0107 twoje interakcje z&nbsp;osadzonym materia\u0142em, w\u0142\u0105czaj\u0105c w&nbsp;to&nbsp;\u015bledzenie twoich interakcji z&nbsp;osadzonym materia\u0142em je\u015bli posiadasz konto i&nbsp;jeste\u015b zalogowany w&nbsp;tamtej witrynie.<\/p><h3 class=\"wp-block-heading\">Analiza statystyk<\/h3><h2 class=\"wp-block-heading\">Z kim dzielimy si\u0119&nbsp;danymi<\/h2><h2 class=\"wp-block-heading\">Jak d\u0142ugo przechowujemy twoje dane<\/h2><p>Je\u015bli zostawisz komentarz, jego tre\u015b\u0107 i&nbsp;metadane b\u0119d\u0105 przechowywane przez czas nieokre\u015blony. Dzi\u0119ki temu jeste\u015bmy w&nbsp;stanie rozpoznawa\u0107 i&nbsp;zatwierdza\u0107 kolejne komentarze automatycznie, bez&nbsp;wysy\u0142ania ich&nbsp;do&nbsp;ka\u017cdorazowej moderacji.<\/p><p>Dla u\u017cytkownik\u00f3w kt\u00f3rzy zarejestrowali si\u0119&nbsp;na&nbsp;naszej stronie internetowej (je\u015bli tacy s\u0105), przechowujemy r\u00f3wnie\u017c informacje osobiste wprowadzone w&nbsp;profilu. Ka\u017cdy u\u017cytkownik mo\u017ce dokona\u0107 wgl\u0105du, korekty albo skasowa\u0107 swoje informacje osobiste w&nbsp;dowolnej chwili (nie licz\u0105c nazwy u\u017cytkownika, kt\u00f3rej nie&nbsp;mo\u017cna zmieni\u0107). Administratorzy strony r\u00f3wnie\u017c mog\u0105 przegl\u0105da\u0107 i&nbsp;modyfikowa\u0107 te&nbsp;informacje.<\/p><h2 class=\"wp-block-heading\">Jakie masz prawa do&nbsp;swoich danych<\/h2><p>Je\u015bli masz konto u\u017cytkownika albo doda\u0142e\u015b komentarze w&nbsp;tej witrynie, mo\u017cesz za\u017c\u0105da\u0107 dostarczenia pliku z&nbsp;wyeksportowanym kompletem twoich danych osobistych b\u0119d\u0105cych w&nbsp;naszym posiadaniu, w&nbsp;tym ca\u0142o\u015b\u0107 tych dostarczonych przez ciebie. Mo\u017cesz r\u00f3wnie\u017c za\u017c\u0105da\u0107 usuni\u0119cia przez nas&nbsp;ca\u0142o\u015bci twoich danych osobistych w&nbsp;naszym posiadaniu. Nie&nbsp;dotyczy to&nbsp;\u017cadnych danych kt\u00f3re jeste\u015bmy zobligowani zachowa\u0107 ze&nbsp;wzgl\u0119d\u00f3w administracyjnych, prawnych albo bezpiecze\u0144stwa.<\/p><h2 class=\"wp-block-heading\">Gdzie przesy\u0142amy dane<\/h2><p>Komentarze go\u015bci mog\u0105 by\u0107&nbsp;sprawdzane za&nbsp;pomoc\u0105 automatycznej us\u0142ugi wykrywania spamu.<\/p><h2 class=\"wp-block-heading\">Twoje dane kontaktowe<\/h2><h2 class=\"wp-block-heading\">Informacje dodatkowe<\/h2><h3 class=\"wp-block-heading\">Jak chronimy twoje dane?<\/h3><h3 class=\"wp-block-heading\">Jakie mamy obowi\u0105zuj\u0105ce procedury w&nbsp;przypadku naruszenia prywatno\u015bci danych<\/h3><h3 class=\"wp-block-heading\">Od jakich stron trzecich otrzymujemy dane<\/h3><h3 class=\"wp-block-heading\">Jakie automatyczne podejmowanie decyzji i\/lub tworzenie profili przeprowadzamy z&nbsp;u\u017cyciem danych u\u017cytkownika<\/h3><h3 class=\"wp-block-heading\">Bran\u017cowe wymogi regulacyjne dotycz\u0105ce ujawniania informacji<\/h3> ","protected":false},"excerpt":{"rendered":"<p>Kim jeste\u015bmy Adres naszej strony internetowej to: http:\/\/farmutil.pl. Jakie dane osobiste zbieramy i&nbsp;dlaczego je zbieramy Komentarze Kiedy odwiedzaj\u0105cy witryn\u0119 zostawia komentarz, zbieramy dane widoczne w&nbsp;formularzu komentowania, jak&nbsp;i&nbsp;adres IP odwiedzaj\u0105cego oraz&nbsp;podpis jego przegl\u0105darki jako pomoc przy wykrywaniu spamu. Zanonimizowany ci\u0105g znak\u00f3w stworzony na&nbsp;podstawie twojego adresu email (tak zwany hash) mo\u017ce zosta\u0107 przes\u0142any do&nbsp;us\u0142ugi Gravatar w&nbsp;celu sprawdzenia &hellip; <a href=\"https:\/\/farmutil.pl\/en\/privacy-policy\/\">Continued<\/a><\/p>\n","protected":false},"author":1,"featured_media":0,"parent":0,"menu_order":99,"comment_status":"closed","ping_status":"closed","template":"","meta":{"_acf_changed":false,"footnotes":""},"class_list":["post-1576","page","type-page","status-publish","hentry"],"acf":[],"_links":{"self":[{"href":"https:\/\/farmutil.pl\/en\/wp-json\/wp\/v2\/pages\/1576","targetHints":{"allow":["GET"]}}],"collection":[{"href":"https:\/\/farmutil.pl\/en\/wp-json\/wp\/v2\/pages"}],"about":[{"href":"https:\/\/farmutil.pl\/en\/wp-json\/wp\/v2\/types\/page"}],"author":[{"embeddable":true,"href":"https:\/\/farmutil.pl\/en\/wp-json\/wp\/v2\/users\/1"}],"replies":[{"embeddable":true,"href":"https:\/\/farmutil.pl\/en\/wp-json\/wp\/v2\/comments?post=1576"}],"version-history":[{"count":2,"href":"https:\/\/farmutil.pl\/en\/wp-json\/wp\/v2\/pages\/1576\/revisions"}],"predecessor-version":[{"id":1637,"href":"https:\/\/farmutil.pl\/en\/wp-json\/wp\/v2\/pages\/1576\/revisions\/1637"}],"wp:attachment":[{"href":"https:\/\/farmutil.pl\/en\/wp-json\/wp\/v2\/media?parent=1576"}],"curies":[{"name":"wp","href":"https:\/\/api.w.org\/{rel}","templated":true}]}}